{"id":7,"date":"2026-05-12T14:09:35","date_gmt":"2026-05-12T14:09:35","guid":{"rendered":"https:\/\/stage.serverweb-prod.com\/?page_id=7"},"modified":"2026-05-12T16:47:27","modified_gmt":"2026-05-12T16:47:27","slug":"home","status":"publish","type":"page","link":"https:\/\/stage.serverweb-prod.com\/?page_id=7","title":{"rendered":"Home"},"content":{"rendered":"\t\t<div data-elementor-type=\"wp-page\" data-elementor-id=\"7\" class=\"elementor elementor-7\">\n\t\t\t\t<div class=\"elementor-element elementor-element-908361c e-con e-atomic-element e-flexbox-base e-bcc6cc3 \" data-id=\"908361c\" data-element_type=\"e-flexbox\" data-e-type=\"e-flexbox\" data-interaction-id=\"908361c\">\n    <div class=\"elementor-element elementor-element-4879fa3 e-con e-atomic-element e-flexbox-base e-c611973 \" data-id=\"4879fa3\" data-element_type=\"e-flexbox\" data-e-type=\"e-flexbox\" data-interaction-id=\"4879fa3\">\n    \t\t\t<h3 data-interaction-id=\"20eb381\" class=\"e-20eb381-e62a0f9 e-heading-base\"><strong id=\"e-mp2rlget-fobrfuy\">Un site professionnel qui convertit, adapt\u00e9 \u00e0 votre m\u00e9tier<\/strong><\/h3>\n\t\t<div class=\"elementor-element elementor-element-40a77d8 e-con e-atomic-element e-flexbox-base e-79a3555 \" data-id=\"40a77d8\" data-element_type=\"e-flexbox\" data-e-type=\"e-flexbox\" data-interaction-id=\"40a77d8\">\n    \t\t\t<p class=\"e-bf83c94-5a0f8af e-paragraph-base\" data-interaction-id=\"bf83c94\">Une plateforme pens\u00e9e pour les m\u00e9decins, psychologues, avocats, juristes, experts-comptables, coachs et tous les professionnels, TPE, PME.Pr\u00e9sentez vos services, g\u00e9rez vos rendez-vous, encaissez vos paiements et consultez en ligne depuis votre site, sans complexit\u00e9 technique.<\/p>\n\t\t\n<\/div>\n\t\t\t<button class=\"e-ed8a34b-cb6b14d e-button-base\" data-interaction-id=\"ed8a34b\">\n\t\t<strong id=\"e-mp2stal4-szo4j8o\">Voir nos packs<\/strong>\n\t<\/button>\t\t\t\t\t<button class=\"e-6503ae7-311fa61 e-button-base\" data-interaction-id=\"6503ae7\">\n\t\t<strong id=\"e-mp2ssvht-aweege9\">D\u00e9marrer maintenant<\/strong>\n\t<\/button>\t\t\n<\/div>\n<div class=\"elementor-element elementor-element-faedfd2 e-con e-atomic-element e-flexbox-base e-43529a9 \" data-id=\"faedfd2\" data-element_type=\"e-flexbox\" data-e-type=\"e-flexbox\" data-interaction-id=\"faedfd2\">\n    <div class=\"elementor-element elementor-element-90df120 e-con e-atomic-element e-flexbox-base e-96e3695 \" data-id=\"90df120\" data-element_type=\"e-flexbox\" data-e-type=\"e-flexbox\" data-interaction-id=\"90df120\">\n    \t\t\t<img decoding=\"async\" class=\"e-image-base e-724115b-280e9a0\" data-interaction-id=\"724115b\" src=\"https:\/\/all-in-site.ma\/assets\/slideCarre-DE5Cl9q2.avif\" alt=\"\"\/>\t\t\n<\/div>\n\n<\/div>\n\n<\/div>\n<div class=\"elementor-element elementor-element-1850aad e-con e-atomic-element e-flexbox-base e-0756c28 \" data-id=\"1850aad\" data-element_type=\"e-flexbox\" data-e-type=\"e-flexbox\" data-interaction-id=\"1850aad\">\n    <div class=\"elementor-element elementor-element-95aca5a e-con e-atomic-element e-flexbox-base e-7620f2d \" data-id=\"95aca5a\" data-element_type=\"e-flexbox\" data-e-type=\"e-flexbox\" data-interaction-id=\"95aca5a\">\n    \n<\/div>\n<div class=\"elementor-element elementor-element-b65934a e-con e-atomic-element e-flexbox-base e-18370fb \" data-id=\"b65934a\" data-element_type=\"e-flexbox\" data-e-type=\"e-flexbox\" data-interaction-id=\"b65934a\">\n    \n<\/div>\n\n<\/div>\n\t\t<\/div>\n\t\t","protected":false},"excerpt":{"rendered":"<p>Un site professionnel qui convertit, adapt\u00e9 \u00e0 votre m\u00e9tier Une plateforme pens\u00e9e pour les m\u00e9decins, psychologues, avocats, juristes, experts-comptables, coachs et tous les professionnels, TPE, PME.Pr\u00e9sentez vos services, g\u00e9rez vos rendez-vous, encaissez vos paiements et consultez en ligne depuis votre site, sans complexit\u00e9 technique. Voir nos packs D\u00e9marrer maintenant<\/p>\n","protected":false},"author":1,"featured_media":0,"parent":0,"menu_order":0,"comment_status":"closed","ping_status":"closed","template":"","meta":{"_angie_page":false,"footnotes":""},"class_list":["post-7","page","type-page","status-publish","hentry"],"_links":{"self":[{"href":"https:\/\/stage.serverweb-prod.com\/index.php?rest_route=\/wp\/v2\/pages\/7","targetHints":{"allow":["GET"]}}],"collection":[{"href":"https:\/\/stage.serverweb-prod.com\/index.php?rest_route=\/wp\/v2\/pages"}],"about":[{"href":"https:\/\/stage.serverweb-prod.com\/index.php?rest_route=\/wp\/v2\/types\/page"}],"author":[{"embeddable":true,"href":"https:\/\/stage.serverweb-prod.com\/index.php?rest_route=\/wp\/v2\/users\/1"}],"replies":[{"embeddable":true,"href":"https:\/\/stage.serverweb-prod.com\/index.php?rest_route=%2Fwp%2Fv2%2Fcomments&post=7"}],"version-history":[{"count":5,"href":"https:\/\/stage.serverweb-prod.com\/index.php?rest_route=\/wp\/v2\/pages\/7\/revisions"}],"predecessor-version":[{"id":19,"href":"https:\/\/stage.serverweb-prod.com\/index.php?rest_route=\/wp\/v2\/pages\/7\/revisions\/19"}],"wp:attachment":[{"href":"https:\/\/stage.serverweb-prod.com\/index.php?rest_route=%2Fwp%2Fv2%2Fmedia&parent=7"}],"curies":[{"name":"wp","href":"https:\/\/api.w.org\/{rel}","templated":true}]}}